{"id":3886,"date":"2023-11-15T13:01:19","date_gmt":"2023-11-15T13:01:19","guid":{"rendered":"http:\/\/cleenhearts-demo.local\/?page_id=524"},"modified":"2025-12-21T04:02:11","modified_gmt":"2025-12-21T03:02:11","slug":"devenir-volontaire","status":"publish","type":"page","link":"https:\/\/rc2d-ne.org\/index.php\/devenir-volontaire\/","title":{"rendered":"Devenir volontaire"},"content":{"rendered":"\t\t<div data-elementor-type=\"wp-page\" data-elementor-id=\"3886\" class=\"elementor elementor-3886\">\n\t\t\t\t<div class=\"elementor-element elementor-element-007f8c1 e-con-full e-flex e-con e-parent\" data-id=\"007f8c1\" data-element_type=\"container\" data-e-type=\"container\">\n\t\t\t\t<div class=\"elementor-element elementor-element-e9e698c elementor-widget elementor-widget-cleenhearts-team\" data-id=\"e9e698c\" data-element_type=\"widget\" data-e-type=\"widget\" data-widget_type=\"cleenhearts-team.default\">\n\t\t\t\t<div class=\"elementor-widget-container\">\n\t\t\t\t\t\t<!-- Team Style four Start -->\r\n\t<section class=\"become-volunteer section-space\">\r\n\t\t<div class=\"container\">\r\n\t\t\t<div class=\"row gutter-y-50\">\r\n\t\t\t\t<div class=\"col-lg-6 wow fadeInUp\" data-wow-duration=\"1500ms\" data-wow-delay=\"00ms\">\r\n\t\t\t\t\t<div class=\"become-volunteer__image\">\r\n\t\t\t\t\t\t<div class=\"become-volunteer__image__inner\">\r\n\t\t\t\t\t\t\t<img decoding=\"async\" src=\"https:\/\/rc2d-ne.org\/wp-content\/uploads\/2025\/12\/Untitled-design-60.png\" alt=\"Untitled design (60)\" title=\"Untitled design (60)\" >\t\t\t\t\t\t<\/div><!-- \/.become-volunteer__image__inner -->\r\n\t\t\t\t\t<\/div><!-- \/.become-volunteer__image -->\r\n\t\t\t\t<\/div><!-- \/.col-lg-6 -->\r\n\t\t\t\t<div class=\"col-lg-6 wow fadeInUp\" data-wow-duration=\"1500ms\" data-wow-delay=\"300ms\">\r\n\t\t\t\t\t<div class=\"become-volunteer__form form-one\">\r\n\t\t\t\t\t\t<div class=\"become-volunteer__form__bg\" style=\"background-image: url(https:\/\/rc2d-ne.org\/wp-content\/uploads\/2025\/12\/Untitled-design-37-scaled.jpg);\"><\/div><!-- \/.become-volunteer__form__bg -->\r\n\t\t\t\t\t\t<h3 class=\"become-volunteer__form__title\">\r\n\t\t\t\t\t\t\tRejoignez notre communaut\u00e9\t\t\t\t\t\t<\/h3><!-- \/.become-volunteer__form__title -->\r\n\t\t\t\t\t\t<div class=\"wpcf7 no-js\" id=\"wpcf7-f3565-o1\" lang=\"en-US\" dir=\"ltr\" data-wpcf7-id=\"3565\">\n<div class=\"screen-reader-response\"><p role=\"status\" aria-live=\"polite\" aria-atomic=\"true\"><\/p> <ul><\/ul><\/div>\n<form action=\"\/index.php\/wp-json\/wp\/v2\/pages\/3886#wpcf7-f3565-o1\" method=\"post\" class=\"wpcf7-form init\" aria-label=\"Contact form\" novalidate=\"novalidate\" data-status=\"init\">\n<fieldset class=\"hidden-fields-container\"><input type=\"hidden\" name=\"_wpcf7\" value=\"3565\" \/><input type=\"hidden\" name=\"_wpcf7_version\" value=\"6.1.5\" \/><input type=\"hidden\" name=\"_wpcf7_locale\" value=\"en_US\" \/><input type=\"hidden\" name=\"_wpcf7_unit_tag\" value=\"wpcf7-f3565-o1\" \/><input type=\"hidden\" name=\"_wpcf7_container_post\" value=\"0\" \/><input type=\"hidden\" name=\"_wpcf7_posted_data_hash\" value=\"\" \/>\n<\/fieldset>\n<div class=\"row gutter-y-20\">\n    <div class=\"col-12\">\n        <div class=\"form-one__control\">\n            <span class=\"wpcf7-form-control-wrap\" data-name=\"text-685\"><input size=\"40\" maxlength=\"400\" class=\"wpcf7-form-control wpcf7-text wpcf7-validates-as-required form-one__control__input\" id=\"name\" aria-required=\"true\" aria-invalid=\"false\" placeholder=\"Entrez votre nom\" value=\"\" type=\"text\" name=\"text-685\" \/><\/span>\n        <\/div><!-- \/.form-one__control -->\n    <\/div><!-- \/.col-12 -->\n\n    <div class=\"col-12\">\n        <div class=\"form-one__control\">\n            <span class=\"wpcf7-form-control-wrap\" data-name=\"your-email\"><input size=\"40\" maxlength=\"400\" class=\"wpcf7-form-control wpcf7-email wpcf7-validates-as-required wpcf7-text wpcf7-validates-as-email form-one__control__input\" id=\"youremail\" aria-required=\"true\" aria-invalid=\"false\" placeholder=\"Adresse e-mail\" value=\"\" type=\"email\" name=\"your-email\" \/><\/span>\n        <\/div><!-- \/.form-one__control -->\n    <\/div><!-- \/.col-12 -->\n\n    <div class=\"col-12\">\n        <div class=\"form-one__control\">\n            <span class=\"wpcf7-form-control-wrap\" data-name=\"tel-631\"><input size=\"40\" maxlength=\"400\" class=\"wpcf7-form-control wpcf7-tel wpcf7-validates-as-required wpcf7-text wpcf7-validates-as-tel form-one__control__input\" id=\"phoneno\" aria-required=\"true\" aria-invalid=\"false\" placeholder=\"Num\u00e9ro de t\u00e9l\u00e9phone\" value=\"\" type=\"tel\" name=\"tel-631\" \/><\/span>\n        <\/div><!-- \/.form-one__control -->\n    <\/div><!-- \/.col-12 -->\n\n    <div class=\"col-12\">\n        <div class=\"form-one__control\">\n            <span class=\"wpcf7-form-control-wrap\" data-name=\"text-964\"><input size=\"40\" maxlength=\"400\" class=\"wpcf7-form-control wpcf7-text wpcf7-validates-as-required form-one__control__input cleenhearts-datepicker\" aria-required=\"true\" aria-invalid=\"false\" placeholder=\"S\u00e9lectionnez une date\" value=\"\" type=\"text\" name=\"text-964\" \/><\/span>\n        <\/div><!-- \/.form-one__control -->\n    <\/div><!-- \/.col-12 -->\n\n    <div class=\"col-12\">\n        <div class=\"form-one__control\">\n            <span class=\"wpcf7-form-control-wrap\" data-name=\"textarea-316\"><textarea cols=\"40\" rows=\"10\" maxlength=\"2000\" class=\"wpcf7-form-control wpcf7-textarea wpcf7-validates-as-required form-one__control__input form-one__control__message\" id=\"message\" aria-required=\"true\" aria-invalid=\"false\" placeholder=\"\u00c9crivez votre message...\" name=\"textarea-316\"><\/textarea><\/span>\n        <\/div><!-- \/.form-one__control -->\n    <\/div><!-- \/.col-12 -->\n\n    <div class=\"col-12\">\n        <div class=\"contact-one__btn-box form-one__control\">\n            <button type=\"submit\" class=\"cleenhearts-btn cleenhearts-btn--border-base\">\n                <span class=\"cleenhearts-btn__icon-box\">\n                    <span class=\"cleenhearts-btn__icon-box__inner\">\n                        <span class=\"icon-duble-arrow\"><\/span>\n                    <\/span>\n                <\/span>\n                <span class=\"cleenhearts-btn__text\">Envoyer le message<\/span>\n            <\/button>\n        <\/div><!-- \/.form-one__control -->\n    <\/div><!-- \/.col-12 -->\n<\/div><!-- \/.row --><div class=\"wpcf7-response-output\" aria-hidden=\"true\"><\/div>\n<\/form>\n<\/div>\t\t\t\t\t<\/div><!-- \/.become-volunteer__form -->\r\n\t\t\t\t<\/div><!-- \/.col-lg-6 -->\r\n\t\t\t<\/div><!-- \/.row -->\r\n\t\t<\/div><!-- \/.container -->\r\n\t<\/section><!-- \/.become-volunteer section-space -->\r\n\t<!-- Team Style One End -->\r\n\t\t\t\t<\/div>\n\t\t\t\t<\/div>\n\t\t\t\t<\/div>\n\t\t<div class=\"elementor-element elementor-element-2456c6b e-con-full e-flex e-con e-parent\" data-id=\"2456c6b\" data-element_type=\"container\" data-e-type=\"container\">\n\t\t\t\t<div class=\"elementor-element elementor-element-c1a1063 elementor-widget elementor-widget-cleenhearts-worldwide\" data-id=\"c1a1063\" data-element_type=\"widget\" data-e-type=\"widget\" data-widget_type=\"cleenhearts-worldwide.default\">\n\t\t\t\t<div class=\"elementor-widget-container\">\n\t\t\t\t\t    <section class=\"worldwide-one @@extraClassName section-space\">\r\n        <div class=\"worldwide-one__bg\" style=\"background-image: url(https:\/\/bracketweb.com\/cleenheartswp\/wp-content\/uploads\/2023\/11\/worldwide-bg-1-1-1.png);\"><\/div><!-- \/.worldwide-one__bg -->\r\n        <div class=\"container\">\r\n            <div class=\"row gutter-y-60\">\r\n                <div class=\"col-xl-6\">\r\n                    <div class=\"worldwide-one__content\">\r\n                        <div class=\"sec-title\">\r\n                            <h6 class=\"sec-title__tagline @@extraClassName\">RC2D<\/h6><h3 class=\"sec-title__title\">Nous <span class=\"sec-title__title__inner\">agissons<\/span> au Niger<\/h3>                        <\/div><!-- \/.sec-title -->\r\n                        <p class=\"worldwide-one__text\">R\u00e9silience Communautaire et D\u00e9veloppement Durable (RC2D) se consacre \u00e0 l\u2019accompagnement des communaut\u00e9s locales dans leurs efforts d\u2019identification, de conception et de mise en \u0153uvre d\u2019initiatives visant le renforcement de la r\u00e9silience communautaire ainsi que la promotion d\u2019un d\u00e9veloppement inclusif et durable.<\/p>                        <div class=\"row gutter-y-30\">\r\n                                                    <\/div><!-- \/.row -->\r\n                        <div class=\"worldwide-one__bottom\">\r\n                                                            <a href=\"https:\/\/rc2d-ne.org\/index.php\/faites-un-don\/\" class=\"cleenhearts-btn cleenhearts-btn--border\">\r\n                                    <div class=\"cleenhearts-btn__icon-box\">\r\n                                        <div class=\"cleenhearts-btn__icon-box__inner\"><span class=\"icon-duble-arrow\"><\/span><\/div>\r\n                                    <\/div>\r\n                                    <span class=\"cleenhearts-btn__text\">Become A Volunteer<\/span>\r\n                                <\/a>\r\n                                                        <div class=\"volunteer-group\">\r\n                                                            <\/div><!-- \/.volunteer-group -->\r\n                        <\/div><!-- \/.worldwide-one__bottom -->\r\n                    <\/div><!-- \/.worldwide-one__content -->\r\n                <\/div><!-- \/.col-xl-6 -->\r\n                <div class=\"col-xl-6\">\r\n                    <div class=\"worldwide-one__right\">\r\n                                                    <div class=\"worldwide-one__location worldwide-one__location--1\">\r\n                                <button type=\"button\" class=\"worldwide-one__location__btn \">\r\n                                    <span class=\"worldwide-one__location__btn__box\"><\/span>\r\n                                <\/button><!-- \/.worldwide-one__location__btn -->\r\n                                <div class=\"worldwide-one__location__popup \">\r\n                                    <div class=\"worldwide-one__location__image\">\r\n                                                                            <\/div><!-- \/.worldwide-one__location__image -->\r\n                                    <div class=\"worldwide-one__location__content\">\r\n                                        <p class=\"worldwide-one__location__text\">RC2D - R\u00e9silience Communautaire et D\u00e9veloppement Durable<\/p>\r\n                                        <a href=\"https:\/\/maps.app.goo.gl\/28L2fG94KadRWgnf7\" class=\"worldwide-one__location__map\">\r\n                                            <span>View Map<\/span>\r\n                                            <i aria-hidden=\"true\" class=\"icon-paper-plane\"><\/i>                                        <\/a>\r\n                                    <\/div><!-- \/.worldwide-one__location__content -->\r\n                                <\/div><!-- \/.worldwide-one__location__popup -->\r\n                            <\/div><!-- \/.worldwide-one__location -->\r\n                                                    <div class=\"worldwide-one__location worldwide-one__location--2\">\r\n                                <button type=\"button\" class=\"worldwide-one__location__btn \">\r\n                                    <span class=\"worldwide-one__location__btn__box\"><\/span>\r\n                                <\/button><!-- \/.worldwide-one__location__btn -->\r\n                                <div class=\"worldwide-one__location__popup \">\r\n                                    <div class=\"worldwide-one__location__image\">\r\n                                                                            <\/div><!-- \/.worldwide-one__location__image -->\r\n                                    <div class=\"worldwide-one__location__content\">\r\n                                        <p class=\"worldwide-one__location__text\">RC2D - R\u00e9silience Communautaire et D\u00e9veloppement Durable<\/p>\r\n                                        <a href=\"https:\/\/maps.app.goo.gl\/28L2fG94KadRWgnf7\" class=\"worldwide-one__location__map\">\r\n                                            <span>View Map<\/span>\r\n                                            <i aria-hidden=\"true\" class=\"icon-paper-plane\"><\/i>                                        <\/a>\r\n                                    <\/div><!-- \/.worldwide-one__location__content -->\r\n                                <\/div><!-- \/.worldwide-one__location__popup -->\r\n                            <\/div><!-- \/.worldwide-one__location -->\r\n                                                    <div class=\"worldwide-one__location worldwide-one__location--3\">\r\n                                <button type=\"button\" class=\"worldwide-one__location__btn \">\r\n                                    <span class=\"worldwide-one__location__btn__box\"><\/span>\r\n                                <\/button><!-- \/.worldwide-one__location__btn -->\r\n                                <div class=\"worldwide-one__location__popup \">\r\n                                    <div class=\"worldwide-one__location__image\">\r\n                                                                            <\/div><!-- \/.worldwide-one__location__image -->\r\n                                    <div class=\"worldwide-one__location__content\">\r\n                                        <p class=\"worldwide-one__location__text\">RC2D - R\u00e9silience Communautaire et D\u00e9veloppement Durable<\/p>\r\n                                        <a href=\"https:\/\/maps.app.goo.gl\/28L2fG94KadRWgnf7\" class=\"worldwide-one__location__map\">\r\n                                            <span>View Map<\/span>\r\n                                            <i aria-hidden=\"true\" class=\"icon-paper-plane\"><\/i>                                        <\/a>\r\n                                    <\/div><!-- \/.worldwide-one__location__content -->\r\n                                <\/div><!-- \/.worldwide-one__location__popup -->\r\n                            <\/div><!-- \/.worldwide-one__location -->\r\n                                                    <div class=\"worldwide-one__location worldwide-one__location--4\">\r\n                                <button type=\"button\" class=\"worldwide-one__location__btn \">\r\n                                    <span class=\"worldwide-one__location__btn__box\"><\/span>\r\n                                <\/button><!-- \/.worldwide-one__location__btn -->\r\n                                <div class=\"worldwide-one__location__popup \">\r\n                                    <div class=\"worldwide-one__location__image\">\r\n                                                                            <\/div><!-- \/.worldwide-one__location__image -->\r\n                                    <div class=\"worldwide-one__location__content\">\r\n                                        <p class=\"worldwide-one__location__text\">RC2D - R\u00e9silience Communautaire et D\u00e9veloppement Durable<\/p>\r\n                                        <a href=\"https:\/\/maps.app.goo.gl\/28L2fG94KadRWgnf7\" class=\"worldwide-one__location__map\">\r\n                                            <span>View Map<\/span>\r\n                                            <i aria-hidden=\"true\" class=\"icon-paper-plane\"><\/i>                                        <\/a>\r\n                                    <\/div><!-- \/.worldwide-one__location__content -->\r\n                                <\/div><!-- \/.worldwide-one__location__popup -->\r\n                            <\/div><!-- \/.worldwide-one__location -->\r\n                                                    <div class=\"worldwide-one__location worldwide-one__location--5\">\r\n                                <button type=\"button\" class=\"worldwide-one__location__btn \">\r\n                                    <span class=\"worldwide-one__location__btn__box\"><\/span>\r\n                                <\/button><!-- \/.worldwide-one__location__btn -->\r\n                                <div class=\"worldwide-one__location__popup \">\r\n                                    <div class=\"worldwide-one__location__image\">\r\n                                                                            <\/div><!-- \/.worldwide-one__location__image -->\r\n                                    <div class=\"worldwide-one__location__content\">\r\n                                        <p class=\"worldwide-one__location__text\">RC2D - R\u00e9silience Communautaire et D\u00e9veloppement Durable<\/p>\r\n                                        <a href=\"https:\/\/maps.app.goo.gl\/28L2fG94KadRWgnf7\" class=\"worldwide-one__location__map\">\r\n                                            <span>View Map<\/span>\r\n                                            <i aria-hidden=\"true\" class=\"icon-paper-plane\"><\/i>                                        <\/a>\r\n                                    <\/div><!-- \/.worldwide-one__location__content -->\r\n                                <\/div><!-- \/.worldwide-one__location__popup -->\r\n                            <\/div><!-- \/.worldwide-one__location -->\r\n                                            <\/div><!-- \/.worldwide-one__right -->\r\n                <\/div><!-- \/.col-xl-6 -->\r\n            <\/div><!-- \/.row -->\r\n        <\/div><!-- \/.container -->\r\n            <\/section><!-- \/.worldwide-one section-space -->\r\n\t\t\t\t<\/div>\n\t\t\t\t<\/div>\n\t\t\t\t<\/div>\n\t\t\t\t<\/div>\n\t\t","protected":false},"excerpt":{"rendered":"<p>Rejoignez notre communaut\u00e9 Envoyer le message RC2D Nous agissons au Niger R\u00e9silience Communautaire et D\u00e9veloppement Durable (RC2D) se consacre \u00e0 l\u2019accompagnement des communaut\u00e9s locales dans leurs efforts d\u2019identification, de conception [&hellip;]<\/p>\n","protected":false},"author":1,"featured_media":0,"parent":0,"menu_order":0,"comment_status":"closed","ping_status":"closed","template":"elementor_header_footer","meta":{"_acf_changed":false,"give_campaign_id":0,"om_disable_all_campaigns":false,"_monsterinsights_skip_tracking":false,"_monsterinsights_sitenote_active":false,"_monsterinsights_sitenote_note":"","_monsterinsights_sitenote_category":0,"footnotes":""},"class_list":["post-3886","page","type-page","status-publish","hentry"],"acf":[],"aioseo_notices":[],"campaignId":"","_links":{"self":[{"href":"https:\/\/rc2d-ne.org\/index.php\/wp-json\/wp\/v2\/pages\/3886","targetHints":{"allow":["GET"]}}],"collection":[{"href":"https:\/\/rc2d-ne.org\/index.php\/wp-json\/wp\/v2\/pages"}],"about":[{"href":"https:\/\/rc2d-ne.org\/index.php\/wp-json\/wp\/v2\/types\/page"}],"author":[{"embeddable":true,"href":"https:\/\/rc2d-ne.org\/index.php\/wp-json\/wp\/v2\/users\/1"}],"replies":[{"embeddable":true,"href":"https:\/\/rc2d-ne.org\/index.php\/wp-json\/wp\/v2\/comments?post=3886"}],"version-history":[{"count":11,"href":"https:\/\/rc2d-ne.org\/index.php\/wp-json\/wp\/v2\/pages\/3886\/revisions"}],"predecessor-version":[{"id":4856,"href":"https:\/\/rc2d-ne.org\/index.php\/wp-json\/wp\/v2\/pages\/3886\/revisions\/4856"}],"wp:attachment":[{"href":"https:\/\/rc2d-ne.org\/index.php\/wp-json\/wp\/v2\/media?parent=3886"}],"curies":[{"name":"wp","href":"https:\/\/api.w.org\/{rel}","templated":true}]}}