{"id":3891,"date":"2023-11-19T13:07:18","date_gmt":"2023-11-19T13:07:18","guid":{"rendered":"http:\/\/cleenhearts-demo.local\/?page_id=1711"},"modified":"2025-12-25T06:25:16","modified_gmt":"2025-12-25T05:25:16","slug":"nos-valeurs","status":"publish","type":"page","link":"https:\/\/rc2d-ne.org\/index.php\/nos-valeurs\/","title":{"rendered":"Nos Valeurs"},"content":{"rendered":"\t\t<div data-elementor-type=\"wp-page\" data-elementor-id=\"3891\" class=\"elementor elementor-3891\">\n\t\t\t\t<div class=\"elementor-element elementor-element-9936186 e-flex e-con-boxed e-con e-parent\" data-id=\"9936186\" data-element_type=\"container\" data-e-type=\"container\">\n\t\t\t\t\t<div class=\"e-con-inner\">\n\t\t<div class=\"elementor-element elementor-element-923936d e-con-full e-flex e-con e-child\" data-id=\"923936d\" data-element_type=\"container\" data-e-type=\"container\">\n\t\t<div class=\"elementor-element elementor-element-a529626 e-con-full e-flex e-con e-child\" data-id=\"a529626\" data-element_type=\"container\" data-e-type=\"container\">\n\t\t\t\t<div class=\"elementor-element elementor-element-ded90cd elementor-widget__width-initial elementor-widget elementor-widget-text-editor\" data-id=\"ded90cd\" data-element_type=\"widget\" data-e-type=\"widget\" data-widget_type=\"text-editor.default\">\n\t\t\t\t<div class=\"elementor-widget-container\">\n\t\t\t\t\t\t\t\t\t<p><span style=\"color: #000080;\"><strong><span style=\"vertical-align: inherit;\"><span style=\"vertical-align: inherit;\">Durabilit\u00e9<\/span><\/span><\/strong><\/span><\/p><p><span style=\"vertical-align: inherit;\"><span style=\"vertical-align: inherit;\">Nous privil\u00e9gions des solutions p\u00e9rennes qui r\u00e9pondent aux besoins actuels sans nuire \u00e0 ceux des g\u00e9n\u00e9rations futures.<\/span><\/span><\/p><p><span style=\"color: #000080;\"><strong><span style=\"vertical-align: inherit;\"><span style=\"vertical-align: inherit;\">Inclusion<\/span><\/span><\/strong><\/span><\/p><p><span style=\"vertical-align: inherit;\"><span style=\"vertical-align: inherit;\">Nous croyons en l&#8217;implication active des populations dans toutes les \u00e9tapes des projets, afin de garantir leur appropriation et leur efficacit\u00e9.<\/span><\/span><\/p><p><span style=\"color: #000080;\"><strong><span style=\"vertical-align: inherit;\"><span style=\"vertical-align: inherit;\">Solidarit\u00e9<\/span><\/span><\/strong><\/span><\/p><p><span style=\"vertical-align: inherit;\"><span style=\"vertical-align: inherit;\">Nous sommes guid\u00e9s par un esprit de solidarit\u00e9 envers les communaut\u00e9s vuln\u00e9rables, en mettant l&#8217;humain au centre de notre action.<\/span><\/span><\/p><p><span style=\"color: #000080;\"><strong><span style=\"vertical-align: inherit;\"><span style=\"vertical-align: inherit;\">Responsabilit\u00e9<\/span><\/span><\/strong><\/span><\/p><p><span style=\"vertical-align: inherit;\"><span style=\"vertical-align: inherit;\">Nous assumons pleinement nos engagements envers les b\u00e9n\u00e9ficiaires, les partenaires et l&#8217;\u00c9tat, avec transparence et redevabilit\u00e9.<\/span><\/span><\/p><p><span style=\"color: #000080;\"><strong><span style=\"vertical-align: inherit;\"><span style=\"vertical-align: inherit;\">Innovation<\/span><\/span><\/strong><\/span><\/p><p><span style=\"vertical-align: inherit;\"><span style=\"vertical-align: inherit;\">Nous favorisons des approches cr\u00e9atives, adaptatives et fond\u00e9es sur des donn\u00e9es probantes pour r\u00e9pondre aux d\u00e9fis complexes.<\/span><\/span><\/p><p><span style=\"color: #000080;\"><strong><span style=\"vertical-align: inherit;\"><span style=\"vertical-align: inherit;\">\u00c9quit\u00e9<\/span><\/span><\/strong><\/span><\/p><p><span style=\"vertical-align: inherit;\"><span style=\"vertical-align: inherit;\">Nous nous engageons \u00e0 promouvoir l&#8217;\u00e9galit\u00e9 des chances et l&#8217;inclusion de toutes les cat\u00e9gories de population, notamment les plus marginalis\u00e9es.<\/span><\/span><\/p>\t\t\t\t\t\t\t\t<\/div>\n\t\t\t\t<\/div>\n\t\t\t\t<\/div>\n\t\t\t\t<\/div>\n\t\t\t\t\t<\/div>\n\t\t\t\t<\/div>\n\t\t<div class=\"elementor-element elementor-element-6b23641 e-con-full e-flex e-con e-parent\" data-id=\"6b23641\" data-element_type=\"container\" data-e-type=\"container\">\n\t\t\t\t<div class=\"elementor-element elementor-element-e5e1ceb elementor-widget elementor-widget-cleenhearts-donars\" data-id=\"e5e1ceb\" data-element_type=\"widget\" data-e-type=\"widget\" data-widget_type=\"cleenhearts-donars.default\">\n\t\t\t\t<div class=\"elementor-widget-container\">\n\t\t\t\t\t    <section class=\"donars-one @@extraClassName section-space\" style=\"background-image: url(https:\/\/bracketweb.com\/cleenheartswp\/wp-content\/uploads\/2023\/11\/donors-bg.png);\">\r\n        <div class=\"container-fluid\">\r\n            <div class=\"sec-title\">\r\n                <h6 class=\"sec-title__tagline sec-title__tagline--center\">Our Donors<\/h6><h3 class=\"sec-title__title\">Top <span class=\"sec-title__title__inner\">Donor<\/span> Countries<\/h3>            <\/div><!-- \/.sec-title -->\r\n            <div class=\"donars-one__row donars-one__row--top\">\r\n\r\n                                    <div class=\"donars-one__country\">\r\n                        <img decoding=\"async\" src=\"https:\/\/rc2d-ne.org\/wp-content\/uploads\/2023\/11\/flag-usa.png\" alt=\"flag-usa\" title=\"flag-usa\" class=\"donars-one__country__flag\" >                        <span class=\"donars-one__country__text\">USA<\/span>\r\n                    <\/div><!-- \/.donars-one__country -->\r\n                                    <div class=\"donars-one__country\">\r\n                                                <span class=\"donars-one__country__text\">ONG RC2D<\/span>\r\n                    <\/div><!-- \/.donars-one__country -->\r\n                \r\n            <\/div><!-- \/.donars-one__row -->\r\n            <div class=\"donars-one__row donars-one__row--bottom\">\r\n\r\n                                    <div class=\"donars-one__country\">\r\n                        <img decoding=\"async\" src=\"https:\/\/rc2d-ne.org\/wp-content\/uploads\/2023\/11\/flag-usa.png\" alt=\"flag-usa\" title=\"flag-usa\" class=\"donars-one__country__flag\" >                        <span class=\"donars-one__country__text\">USA<\/span>\r\n                    <\/div><!-- \/.donars-one__country -->\r\n                                    <div class=\"donars-one__country\">\r\n                                                <span class=\"donars-one__country__text\">ONG RC2D<\/span>\r\n                    <\/div><!-- \/.donars-one__country -->\r\n                \r\n            <\/div><!-- \/.donars-one__row -->\r\n        <\/div><!-- \/.container-fluid -->\r\n    <\/section><!-- \/.donars-one section-space -->\r\n\t\t\t\t<\/div>\n\t\t\t\t<\/div>\n\t\t\t\t<\/div>\n\t\t\t\t<\/div>\n\t\t","protected":false},"excerpt":{"rendered":"<p>Durabilit\u00e9 Nous privil\u00e9gions des solutions p\u00e9rennes qui r\u00e9pondent aux besoins actuels sans nuire \u00e0 ceux des g\u00e9n\u00e9rations futures. Inclusion Nous croyons en l&#8217;implication active des populations dans toutes les \u00e9tapes [&hellip;]<\/p>\n","protected":false},"author":1,"featured_media":0,"parent":0,"menu_order":0,"comment_status":"closed","ping_status":"closed","template":"elementor_header_footer","meta":{"_acf_changed":false,"give_campaign_id":0,"om_disable_all_campaigns":false,"_monsterinsights_skip_tracking":false,"_monsterinsights_sitenote_active":false,"_monsterinsights_sitenote_note":"","_monsterinsights_sitenote_category":0,"footnotes":""},"class_list":["post-3891","page","type-page","status-publish","hentry"],"acf":[],"aioseo_notices":[],"campaignId":"","_links":{"self":[{"href":"https:\/\/rc2d-ne.org\/index.php\/wp-json\/wp\/v2\/pages\/3891","targetHints":{"allow":["GET"]}}],"collection":[{"href":"https:\/\/rc2d-ne.org\/index.php\/wp-json\/wp\/v2\/pages"}],"about":[{"href":"https:\/\/rc2d-ne.org\/index.php\/wp-json\/wp\/v2\/types\/page"}],"author":[{"embeddable":true,"href":"https:\/\/rc2d-ne.org\/index.php\/wp-json\/wp\/v2\/users\/1"}],"replies":[{"embeddable":true,"href":"https:\/\/rc2d-ne.org\/index.php\/wp-json\/wp\/v2\/comments?post=3891"}],"version-history":[{"count":64,"href":"https:\/\/rc2d-ne.org\/index.php\/wp-json\/wp\/v2\/pages\/3891\/revisions"}],"predecessor-version":[{"id":4997,"href":"https:\/\/rc2d-ne.org\/index.php\/wp-json\/wp\/v2\/pages\/3891\/revisions\/4997"}],"wp:attachment":[{"href":"https:\/\/rc2d-ne.org\/index.php\/wp-json\/wp\/v2\/media?parent=3891"}],"curies":[{"name":"wp","href":"https:\/\/api.w.org\/{rel}","templated":true}]}}